{"id":69,"date":"2024-07-03T20:45:07","date_gmt":"2024-07-03T20:45:07","guid":{"rendered":"https:\/\/adn-mobilites.eu\/?page_id=69"},"modified":"2025-05-14T14:47:14","modified_gmt":"2025-05-14T14:47:14","slug":"news","status":"publish","type":"page","link":"https:\/\/adn-mobilites.eu\/index.php\/news\/","title":{"rendered":"Latest news"},"content":{"rendered":"\n<p>Our latest publications<br><br><\/p>\n\n\n\n<p><\/p>\n\n\n\n<div class=\"wp-block-query is-layout-flow wp-block-query-is-layout-flow\"><ul class=\"wp-block-post-template is-layout-flow wp-block-post-template-is-layout-flow\"><li class=\"wp-block-post post-65 post type-post status-publish format-standard hentry category-news\">\n<h2 class=\"wp-block-post-title\"><a href=\"https:\/\/adn-mobilites.eu\/index.php\/2024\/05\/28\/unlock-ticketing-to-realise-the-potential-of-european-railour-eu-manifesto\/\" target=\"_self\" >Unlock ticketing to realise the potential of European rail<\/a><\/h2>\n\n<div class=\"wp-block-post-excerpt\"><p class=\"wp-block-post-excerpt__excerpt\">ADN Mobilit\u00e9 &#8211; Association de D\u00e9fense des plateforme du Num\u00e9rique de la Mobilit\u00e9 &#8211; aims at promoting fair competition in rail ticketing in France and Europe. We are an alliance of digital ticketing platforms striving to achieve a diverse and complex rail ecosystem through clear and enforceable passenger rights, fair commercial conditions for all market&hellip; <\/p><\/div>\n\n\n<p> <\/p>\n\n\n<div class=\"wp-block-post-date\"><time datetime=\"2024-05-28T08:35:00+00:00\">May 28, 2024<\/time><\/div>\n<\/li><li class=\"wp-block-post post-164 post type-post status-publish format-standard hentry category-uncategorized\">\n<h2 class=\"wp-block-post-title\"><a href=\"https:\/\/adn-mobilites.eu\/index.php\/2024\/03\/20\/trainline-kombo-et-omio-creent-adn-mobilites-pour-defendre-lesinterets-des-distributeurs-independants-des-billets-de-train\/\" target=\"_self\" >Trainline, Kombo et Omio cr\u00e9ent ADN Mobilit\u00e9s pour d\u00e9fendre les int\u00e9r\u00eats des distributeurs ind\u00e9pendants des billets de train<\/a><\/h2>\n\n<div class=\"wp-block-post-excerpt\"><p class=\"wp-block-post-excerpt__excerpt\">Trainline, Kombo et Omio fondent l&#8217;Association fran\u00e7aise des plateformes de distribution num\u00e9rique de titres de transport et de mobilit\u00e9 (ADN Mobilit\u00e9s), afin d&#8217;appeler \u00e0 une r\u00e9gulation permettant aux acteurs ind\u00e9pendants de se d\u00e9velopper et d&#8217;innover au b\u00e9n\u00e9fice des voyageurs ferroviaires. La concurrence dans le transport ferroviaire se traduit par une plus grande libert\u00e9 de choix,&hellip; <\/p><\/div>\n\n\n<p> <\/p>\n\n\n<div class=\"wp-block-post-date\"><time datetime=\"2024-03-20T14:15:00+00:00\">March 20, 2024<\/time><\/div>\n<\/li><\/ul><\/div>\n","protected":false},"excerpt":{"rendered":"<p>Our latest publications<\/p>\n","protected":false},"author":1,"featured_media":0,"parent":0,"menu_order":0,"comment_status":"closed","ping_status":"closed","template":"","meta":{"footnotes":""},"class_list":["post-69","page","type-page","status-publish","hentry"],"_links":{"self":[{"href":"https:\/\/adn-mobilites.eu\/index.php\/wp-json\/wp\/v2\/pages\/69","targetHints":{"allow":["GET"]}}],"collection":[{"href":"https:\/\/adn-mobilites.eu\/index.php\/wp-json\/wp\/v2\/pages"}],"about":[{"href":"https:\/\/adn-mobilites.eu\/index.php\/wp-json\/wp\/v2\/types\/page"}],"author":[{"embeddable":true,"href":"https:\/\/adn-mobilites.eu\/index.php\/wp-json\/wp\/v2\/users\/1"}],"replies":[{"embeddable":true,"href":"https:\/\/adn-mobilites.eu\/index.php\/wp-json\/wp\/v2\/comments?post=69"}],"version-history":[{"count":9,"href":"https:\/\/adn-mobilites.eu\/index.php\/wp-json\/wp\/v2\/pages\/69\/revisions"}],"predecessor-version":[{"id":192,"href":"https:\/\/adn-mobilites.eu\/index.php\/wp-json\/wp\/v2\/pages\/69\/revisions\/192"}],"wp:attachment":[{"href":"https:\/\/adn-mobilites.eu\/index.php\/wp-json\/wp\/v2\/media?parent=69"}],"curies":[{"name":"wp","href":"https:\/\/api.w.org\/{rel}","templated":true}]}}